{"id":2,"date":"2016-05-10T03:48:21","date_gmt":"2016-05-10T03:48:21","guid":{"rendered":"http:\/\/www.creixemalcarme.org\/?page_id=2"},"modified":"2021-04-01T09:09:09","modified_gmt":"2021-04-01T09:09:09","slug":"sample-page","status":"publish","type":"page","link":"https:\/\/creixemalcarme.eu\/","title":{"rendered":"main"},"content":{"rendered":"<p>[vc_row css_animation=\u00bb\u00bb row_type=\u00bbrow\u00bb use_row_as_full_screen_section=\u00bbno\u00bb type=\u00bbgrid\u00bb angled_section=\u00bbno\u00bb text_align=\u00bbleft\u00bb background_image_as_pattern=\u00bbwithout_pattern\u00bb el_id=\u00bbaccions\u00bb z_index=\u00bb\u00bb][vc_column][vc_row_inner row_type=\u00bbrow\u00bb type=\u00bbfull_width\u00bb text_align=\u00bbleft\u00bb css_animation=\u00bb\u00bb el_id=\u00bbaccions_main\u00bb][vc_column_inner][vc_column_text]<\/p>\n<p style=\"text-align: center;\">PROJECTES DESTACATS<\/p>\n<p>[\/vc_column_text][vc_empty_space height=\u00bb20px\u00bb][portfolio_list type=\u00bbstandard\u00bb hover_type_standard=\u00bbthin_plus_only\u00bb columns=\u00bb2&#8243; portfolio_loading_type=\u00bbportfolio_one_by_one\u00bb image_size=\u00bblandscape\u00bb filter=\u00bbno\u00bb selected_projects=\u00bb87,316&#8243; show_categories=\u00bbno\u00bb][vc_single_image image=\u00bb306&#8243; img_size=\u00bblarge\u00bb alignment=\u00bbcenter\u00bb onclick=\u00bbcustom_link\u00bb img_link_target=\u00bb_blank\u00bb qode_css_animation=\u00bb\u00bb el_class=\u00bbmain-action\u00bb link=\u00bbhttps:\/\/www.facebook.com\/Creixem-al-Carme-279635862764877\/\u00bb][vc_empty_space height=\u00bb20px\u00bb][\/vc_column_inner][\/vc_row_inner][vc_raw_html]JTNDZGl2JTIwaWQlM0QlMjJidG5fYXJjaGl1X2NvbnRhaW5lciUyMiUyMHN0eWxlJTNEJTIydGV4dC1hbGlnbiUzQSUyMGNlbnRlciUyMiUzRSUzQ2ElMjBpZCUzRCUyMmJ0bl9hcmNoaXUlMjIlMjBocmVmJTNEJTIyJTIzYXJjaGl1X2NvbnRhaW5lciUyMiUzRSVFMiU4NiU5MyUyMEFSWElVJTNDJTJGYSUzRSUzQyUyRmRpdiUzRQ==[\/vc_raw_html][vc_row_inner row_type=\u00bbrow\u00bb type=\u00bbfull_width\u00bb text_align=\u00bbleft\u00bb css_animation=\u00bb\u00bb el_id=\u00bbarchiu_container\u00bb][vc_column_inner][vc_column_text]<\/p>\n<h2 style=\"text-align: center;\">ARXIU<\/h2>\n<p>[\/vc_column_text][vc_empty_space height=\u00bb60px\u00bb][portfolio_list type=\u00bbstandard\u00bb hover_type_standard=\u00bbthin_plus_only\u00bb columns=\u00bb3&#8243; portfolio_loading_type=\u00bbportfolio_one_by_one\u00bb image_size=\u00bblandscape\u00bb filter=\u00bbyes\u00bb show_categories=\u00bbno\u00bb][\/vc_column_inner][\/vc_row_inner][\/vc_column][\/vc_row][vc_row css_animation=\u00bb\u00bb row_type=\u00bbrow\u00bb use_row_as_full_screen_section=\u00bbno\u00bb type=\u00bbfull_width\u00bb angled_section=\u00bbno\u00bb text_align=\u00bbleft\u00bb background_image_as_pattern=\u00bbwithout_pattern\u00bb el_id=\u00bbprojecte\u00bb z_index=\u00bb\u00bb][vc_column][vc_column_text]<\/p>\n<h2 style=\"text-align: center;\">INICIATIVA<\/h2>\n<p>[\/vc_column_text][vc_empty_space height=\u00bb50px\u00bb][vc_column_text]<\/p>\n<h2>Que suposa cr\u00e9ixer en un entorn amb una estructura de col\u00b7laboraci\u00f3 entre institucions educatives, culturals, agents socials i vida en comunitat? Quins efectes tindria aquesta situaci\u00f3 a llarg termini en les persones? I en el seu entorn? I en la societat?\u00a0I en el sistemes educatius i narratives culturals?<\/h2>\n<p>[\/vc_column_text][vc_empty_space height=\u00bb70px\u00bb][vc_row_inner row_type=\u00bbrow\u00bb type=\u00bbfull_width\u00bb text_align=\u00bbleft\u00bb css_animation=\u00bb\u00bb el_class=\u00bbavoid-padding\u00bb][vc_column_inner width=\u00bb1\/2&#8243;][vc_column_text]<\/p>\n<p class=\"p1\">Creixem al Carme investiga i experimenta amb el desenvolupament de relacions a llarg termini entre entorns culturals i educatius que conviuen al barri del Carme en Val\u00e8ncia. El projecte adopta rols i estrat\u00e8gies de tipus col\u00b7laboraci\u00f3, mediador, consultiu, art\u00edstic, d\u2019activisme i de gesti\u00f3 sota un paraig\u00fces que unifica l\u2019art, l\u2019educaci\u00f3 i el m\u00f3n pol\u00edtic i cultural en el que vivim a trav\u00e9s de l\u2019experi\u00e8ncia est\u00e8tica i de la creaci\u00f3 d\u2019aprenentatge cr\u00edtic.<\/p>\n<p>&nbsp;<\/p>\n<p class=\"p1\">La iniciativa es va originar en 2015 a partir de la identificaci\u00f3 d\u2019una necessitat, aix\u00ed com d\u2019una visi\u00f3 clara de futur i una generaci\u00f3 hip\u00f2tesis. Aquests inicis acompanyen un an\u00e0lisi del context, conformaci\u00f3 de l\u2019equip d\u2019institucions participants (una escoleta, una escola p\u00fablica, un centre cultural i una associaci\u00f3 ve\u00efnal) junt amb un estudi te\u00f2ric. El principal objectiu \u00e9s possibilitar experi\u00e8ncies de co\u00b7aprenentatge entre fam\u00edlies del barri, educadores i professionals de les institucions culturals, espec\u00edficament a trav\u00e9s de relacions de col\u00b7laboraci\u00f3 i de transversalitat.<\/p>\n<p>&nbsp;<\/p>\n<p class=\"p1\">Creixem al Carme camina a partir d\u2019accions de mediaci\u00f3, de processos art\u00edstics, estrat\u00e8gies performatives, imaginatives, pedag\u00f2giques i de documentaci\u00f3 que s\u2019alineen directament amb els objectius esmentats. Aquest model col\u00b7laboraci\u00f3 \u00e9s un proc\u00e9s que, com a tal, assumeix la flu\u00efdesa, la reflexi\u00f3 i l\u2019experimentaci\u00f3 com a eines de treball. El projecte ha rebut la convocat\u00f2ria Altaveu del Consorci de Museus de la Comunitat Valenciana en 2017.<\/p>\n<p>[\/vc_column_text][\/vc_column_inner][vc_column_inner width=\u00bb1\/2&#8243;][vc_column_text]OBJECTIUS<\/p>\n<p>&nbsp;<\/p>\n<ul>\n<li>Identificar i estudiar un proc\u00e9s de conviv\u00e8ncia entre entorns educatius, culturals i el seu context.<\/li>\n<\/ul>\n<p>&nbsp;<\/p>\n<ul>\n<li>Avaluar l\u2019arrelament al medi i l\u2019aprenentatge com a conseq\u00fc\u00e8ncies d\u2019aquesta conviv\u00e8ncia i del treball amb el medi natural, social i cultural.<\/li>\n<\/ul>\n<p>&nbsp;<\/p>\n<ul>\n<li>Actuar com a estudi i investigaci\u00f3 en torn a la transversalitat entre centres culturals i d\u2019ensenyament a Val\u00e8ncia, aix\u00ed com cap a la figura d\u2019un \u201cnexe\u201d d\u2019uni\u00f3 entre entorns.<\/li>\n<\/ul>\n<p>&nbsp;<\/p>\n<ul>\n<li>Potenciar el desenvolupament de narratives espec\u00edfiques amb el potencial de cultivar una major rellev\u00e0ncia i participaci\u00f3 per part dels centres culturals amb el seu entorn.<\/li>\n<\/ul>\n<p>&nbsp;<\/p>\n<ul>\n<li>Treballar en xarxa amb iniciatives art\u00edstiques, socials i culturals posant en valor el context des d\u2019una perspectiva actual.<\/li>\n<\/ul>\n<p>&nbsp;<\/p>\n<ul>\n<li>Estudiar i experimentar amb l\u2019educaci\u00f3 en la imaginaci\u00f3.<\/li>\n<\/ul>\n<p>[\/vc_column_text][\/vc_column_inner][\/vc_row_inner][vc_empty_space height=\u00bb50px\u00bb][rev_slider_vc alias=\u00bbprojecte\u00bb][vc_empty_space height=\u00bb100px\u00bb][vc_column_text]<\/p>\n<h2 style=\"text-align: center;\">CONTEXT<\/h2>\n<p>[\/vc_column_text][vc_empty_space height=\u00bb50px\u00bb][vc_column_text]<\/p>\n<h2 class=\"p1\">Creixem al Carme estudia la conviv\u00e8ncia entre institucions culturals i l\u2019entorn on aquestes habiten. Pret\u00e9n desenvolupar sistemes de coexist\u00e8ncia m\u00fatua amb benefici en les persones que viuen i treballen dins d\u2019un context s\u00f2cio-cultural i educatiu concret.<\/h2>\n<p>[\/vc_column_text][vc_empty_space height=\u00bb70px\u00bb][vc_row_inner row_type=\u00bbrow\u00bb type=\u00bbfull_width\u00bb text_align=\u00bbleft\u00bb css_animation=\u00bb\u00bb el_class=\u00bbavoid-padding\u00bb][vc_column_inner width=\u00bb1\/2&#8243;][vc_column_text]<\/p>\n<p class=\"p1\">Ciutat Vella \u00e9s un espai viu on cada dia succeeixen noves narratives entre capes d\u2019hist\u00f2ria que solapen de forma visible a la mena d\u2019un holograma, una estratificaci\u00f3 on caben els monuments, all\u00f2 hist\u00f2ric i all\u00f2 quotidi\u00e0 i les despeses del dia a dia. Ambdues tipus de documents ens interessen, perqu\u00e8 exemplifiquen la condici\u00f3 \u00fanica i veritable del lloc i de tots que hi viuen o per ell transiten.<\/p>\n<p>&nbsp;<\/p>\n<p class=\"p1\">En tant que nucli original de la ciutat de Val\u00e8ncia, l\u2019entorn conviu amb les refer\u00e8ncies al passat hist\u00f2ric i mem\u00f2ries en el tra\u00e7at dels carrers i monuments, aix\u00ed com amb els nombrosos espais culturals en Ciutat Vella es concentra el 73 % del les activitats de biblioteques, arxius, museus i altres activitats culturals, segons indica l\u2019informe \u201cEls Sectors Culturals i Creatius en Val\u00e8ncia\u201d de 2016. La mancan\u00e7a d\u2019espais verds i de serveis dotacionals \u00e9s s\u00edmptoma d\u2019una degradaci\u00f3 progressiva des dels anys 70, visible tamb\u00e9 en la quantitat de solars existents i edificis buits, conseq\u00fc\u00e8ncia de pol\u00edtiques llunyanes a les necessitats residencials.<\/p>\n<p>[\/vc_column_text][\/vc_column_inner][vc_column_inner width=\u00bb1\/2&#8243;][vc_column_text]<\/p>\n<p class=\"p1\">Aquestes han provocat una disminuci\u00f3 de la poblaci\u00f3 i una progressiva desaparici\u00f3 d\u2019 activitats comercials per a residents, tal i com denuncien associacions i col\u00b7lectius ve\u00efnals. Les xifres alerten de la necessitat de serveis dotacionals per restablir el teixit residencial, com comunica el nou<a href=\"http:\/\/www.valencia.es\/ayuntamiento\/urbanismo2.nsf\/0\/36CF2414B91AC6B2C12582BA00281856\/$FILE\/PLAN%20DE%20PARTICIPACI%C3%93N%20P%C3%9ABLICA.%201%C2%AA%20PARTE..pdf?OpenElement\">\u00a0Pla Especial de Protecci\u00f3 (PEP)<\/a> de Ciutat Vella. Els ve\u00efns demanen projectes de recolzament integral del teixit residencial del barri, que puguin fer front a problemes com el soroll, la brut\u00edcia, la mobilitat i a la manca d\u2019espai p\u00fablic que veu el seu \u00fas destinat a la ind\u00fastria del turisme majorit\u00e0riament.<\/p>\n<p>&nbsp;<\/p>\n<p class=\"p1\">Creixem al Carme s\u2019interessa per l\u2019estudi d\u2019un proc\u00e9s de creaci\u00f3 de cultura que integra el context i la seua vida com a part de la pr\u00f2pia vida de la instituci\u00f3. La iniciativa repensa el fet cultural des del propi entorn: que tingui un impacte de rellev\u00e0ncia i enfortiment dins d\u2019aquest.<\/p>\n<p>&nbsp;<\/p>\n<p><span class=\"fuente-pequena\">[1] \u00a0Montesinos, J. \u201cCiudad, patrimonio y ciudadan\u00eda\u201d. Ingenier\u00eda y territorio, No. 75, 2006, pp. 96-103.<\/span>[\/vc_column_text][\/vc_column_inner][vc_column_inner][vc_empty_space height=\u00bb50px\u00bb][\/vc_column_inner][\/vc_row_inner][\/vc_column][\/vc_row][vc_row css_animation=\u00bb\u00bb row_type=\u00bbrow\u00bb use_row_as_full_screen_section=\u00bbno\u00bb type=\u00bbfull_width\u00bb angled_section=\u00bbno\u00bb text_align=\u00bbleft\u00bb background_image_as_pattern=\u00bbwithout_pattern\u00bb el_id=\u00bbcontacte\u00bb z_index=\u00bb\u00bb][vc_column][vc_column_text]<\/p>\n<h2>Creixem al Carme investiga i experimenta amb el desenvolupament de relacions a llarg termini entre entorns culturals i educatius amb el seu barri amb l\u2019objectiu d\u2019establir una connexi\u00f3 profunda amb un impacte hum\u00e0 i ciutad\u00e0.<\/h2>\n<h2><\/h2>\n<p>&nbsp;<\/p>\n<h2>Per a qualsevol consulta o comentari escriu-nos a aquesta adre\u00e7a:<\/h2>\n<h2><a href=\"mailto:info@creixemalcarme.org\">info@creixemalcarme.org<\/a><\/h2>\n<h2><\/h2>\n<p>&nbsp;<\/p>\n<h2>Tamb\u00e9 pots seguir les nostres activitats en les xarxes socials. Busca&#8217;ns al hashtag\u00a0#creixemalcarme<\/h2>\n<p>[\/vc_column_text][\/vc_column][\/vc_row][vc_row css_animation=\u00bb\u00bb row_type=\u00bbrow\u00bb use_row_as_full_screen_section=\u00bbno\u00bb type=\u00bbfull_width\u00bb angled_section=\u00bbno\u00bb text_align=\u00bbleft\u00bb background_image_as_pattern=\u00bbwithout_pattern\u00bb el_id=\u00bbequip\u00bb z_index=\u00bb\u00bb][vc_column][vc_column_text]<\/p>\n<h2 class=\"p1\">Aquest projecte d\u2019investigaci\u00f3 i acci\u00f3 es du a terme amb el treball i estudi per part d\u2019un equip de professionals i una gran xarxa de col\u00b7laboradors dins dels \u00e0mbits educatiu, cultural, art\u00edstic, associatiu i ve\u00efnal. Algunes d\u2019aquestes persones estan esmentades en la llista d\u2019agra\u00efments.<\/h2>\n<p>[\/vc_column_text][vc_empty_space height=\u00bb70px\u00bb][vc_row_inner row_type=\u00bbrow\u00bb type=\u00bbfull_width\u00bb text_align=\u00bbleft\u00bb css_animation=\u00bb\u00bb el_class=\u00bbavoid-padding\u00bb][vc_column_inner width=\u00bb1\/3&#8243;][vc_single_image image=\u00bb95&#8243; img_size=\u00bbmedium\u00bb qode_css_animation=\u00bb\u00bb][vc_empty_space height=\u00bb30px\u00bb][vc_column_text]JODIE DINAPOLI<\/p>\n<p>&nbsp;<\/p>\n<p class=\"p1\">Educadora i investigadora dins del camp dels museus, l\u2019art i l\u2019educaci\u00f3. Fundadora de l\u2019equip d\u2019educaci\u00f3 de l\u2019organitzaci\u00f3 sense \u00e0nim de lucre No Longer Empty en Nova York dedicada a la transformaci\u00f3 d\u2019entorns en des\u00fas a trav\u00e9s d\u2019estrat\u00e8gies de creaci\u00f3 contempor\u00e0nia i d\u2019educaci\u00f3. Llicenciada en Hist\u00f2ria de l\u2019art per la Universitat de Val\u00e8ncia, Jodie t\u00e9 un M\u00e0ster of Science (M.S Ed) en Lideratge en Educaci\u00f3 en Museus de Bank Street College of Education en Nova York. En l\u2019actualitat estudia el Doctorat en la Facultat de Belles Arts de Sant Carles, UPV, Valencia. Jodie ha obtingut experi\u00e8ncia professional en diferents museus i centres culturals i educatius com The Museum of Modern Art (MoMA), PS1, El Museo del Barrio, Brooklyn Museum, L\u2019Institut Cervantes i The Arts Students League a Nova York, l\u2019Institut Valenci\u00e0 d\u2019Art Modern i el Museu de Belles Arts de Val\u00e8ncia.<\/p>\n<p>[\/vc_column_text][\/vc_column_inner][vc_column_inner width=\u00bb1\/3&#8243;][vc_single_image image=\u00bb104&#8243; img_size=\u00bbmedium\u00bb qode_css_animation=\u00bb\u00bb][vc_empty_space height=\u00bb30px\u00bb][vc_column_text]MARC BRELL<\/p>\n<p>&nbsp;<\/p>\n<p class=\"p1\">Marc Brell i L\u00f3pez \u00e9s animador sociocultural especialista en jocs. Jugant, jugant ha esdevingut mediador cultural, dinamitzador educatiu i ha creat la seua pr\u00f2pia empresa: Clari\u00f3 recursos l\u00fadico-educatius. Des d\u2019aquesta es dedica a dissenyar i implementar projectes de lleure, educaci\u00f3 i cultura. El seu car\u00e0cter inquiet el porta a tocar molts temes, sempre amb el pretext d\u2019acompanyar la gent i crear ciutadania; aix\u00ed ha treballat o treballa en accions com: Au jordi (projecte mediambiental de l\u2019IES Jordi de Sant Jordi), LaKQ (projecte de gesti\u00f3 participativa de la casa de la joventut de l\u2019Eliana), recuperaci\u00f3 i co-direcci\u00f3 de l\u2019Escola d\u2019Animaci\u00f3 d\u2019ACPV, visites d\u2019activaci\u00f3 patrimonial dels palaus de la Diputaci\u00f3 de Val\u00e8ncia, aix\u00ed com projectes puntuals per a diferents municipis. \u00c9s formador de formadors i imparteix cursos per a professorat en animaci\u00f3 lectora, din\u00e0miques de grup, diversitat familiar i educaci\u00f3 per projectes.<\/p>\n<p>[\/vc_column_text][\/vc_column_inner][vc_column_inner width=\u00bb1\/3&#8243;][vc_single_image image=\u00bb283&#8243; img_size=\u00bbmedium\u00bb qode_css_animation=\u00bb\u00bb][vc_empty_space height=\u00bb30px\u00bb][vc_column_text]ANA GUEROLA<\/p>\n<p>&nbsp;<\/p>\n<p class=\"p1\">Diplomada en Disseny d\u2019Interiors per Escola D\u2019Art i Superior de Disseny de Val\u00e8ncia (EASD), Ana te ampla experi\u00e8ncia dins del sector privat en el disseny de muntatges ef\u00edmers acompanyats de producci\u00f3 de mobiliari i gr\u00e0fica. Paral\u00b7lelament Ana ha desenvolupat experi\u00e8ncia consultiva en l\u2019\u00e0mbit del disseny de materials i productes educatius i l\u00fadics, formant part de projectes com CloscaKids i Patio.<\/p>\n<p>[\/vc_column_text][\/vc_column_inner][\/vc_row_inner][vc_empty_space height=\u00bb100px\u00bb][vc_column_text]<\/p>\n<h2 style=\"text-align: center;\">COL\u00b7LABORADORS<\/h2>\n<p>[\/vc_column_text][vc_empty_space height=\u00bb40px\u00bb][vc_single_image image=\u00bb158&#8243; img_size=\u00bblarge\u00bb alignment=\u00bbcenter\u00bb qode_css_animation=\u00bb\u00bb][vc_empty_space height=\u00bb70px\u00bb][vc_row_inner row_type=\u00bbrow\u00bb type=\u00bbfull_width\u00bb text_align=\u00bbleft\u00bb css_animation=\u00bb\u00bb el_class=\u00bbavoid-padding\u00bb][vc_column_inner width=\u00bb1\/3&#8243;][vc_column_text]L&#8217;ESCOLETA DEL CARME<\/p>\n<p>&nbsp;<\/p>\n<p class=\"p1\">Fundada en 2011, L\u2019Escoleta del Carme \u00e9s un Centre d\u2019Educaci\u00f3 Infantil autoritzat per la Conselleria d\u2019Educaci\u00f3. Neix com a resposta a una \u201cnecessitat ve\u00efnal que estava sense atendre des de m\u00e9s de 20 anys\u201d ja que l\u2019\u00faltima escola infantil del barri tanc\u00e0 als anys 90. Unit a aquest objectiu principal esta l\u2019amor pel barri i la interacci\u00f3 de les fam\u00edlies amb la resta de ve\u00efns seguint l\u2019 inter\u00e8s de recuperar els espais quotidians per a jugar i aprendre.<\/p>\n<p class=\"p1\"><a href=\"http:\/\/www.escoletadelcarme.org\">\u2192\u00a0www.escoletadelcarme.org<\/a><\/p>\n<p>[\/vc_column_text][\/vc_column_inner][vc_column_inner width=\u00bb1\/3&#8243;][vc_column_text]CEIP SANTA TERESA<\/p>\n<p>&nbsp;<\/p>\n<p class=\"p1\">Aquest centre \u00e9s l\u2019\u00fanic centre d\u2019educaci\u00f3 infantil i prim\u00e0ria de car\u00e0cter p\u00fablic del barri del Carme. Amb 25 anys d\u2019hist\u00f2ria, avui l\u2019escola i s\u2019 al\u00e7a sobre l\u2019 espai de l\u2019antic Cinema Museu del Carme, espai emblem\u00e0tic per al barri. El projecte educatiu es pot consultar en la web de l&#8217;Associaci\u00f3 de Mares i Pares del Centre. Des de 2016, L\u2019AMPA compta amb una Comissi\u00f3 de Relacions Interculturals per tal de treballar amb institucions del barri.<\/p>\n<p><a href=\"http:\/\/www.ampasantateresa.es\">\u2192\u00a0www.ampasantateresa.es<\/a>[\/vc_column_text][\/vc_column_inner][vc_column_inner width=\u00bb1\/3&#8243;][vc_column_text]AMICS DEL CARME<\/p>\n<p>&nbsp;<\/p>\n<p class=\"p1\">Fundada en l\u2019any 2002, el prop\u00f2sit de l\u2019associaci\u00f3 \u00e9s defensar els drets de viure al barri del Carme amb els objectius de defensar i protegir l\u2019habitatge i el patrimoni hist\u00f2ric i art\u00edstic del barri del Carme, dinamitzar la vida cultural del barri, col\u00b7laborar en el disseny d&#8217;un marc de conviv\u00e8ncia entre els ve\u00efns del barri i millorar la qualitat de vida dels ve\u00efns del barri, fer del Carme un barri saludable.<\/p>\n<p><a href=\"http:\/\/www.ammicsdelcarme.com\">\u2192\u00a0www.ammicsdelcarme.com<\/a>[\/vc_column_text][\/vc_column_inner][\/vc_row_inner][vc_empty_space height=\u00bb70px\u00bb][vc_row_inner row_type=\u00bbrow\u00bb type=\u00bbfull_width\u00bb text_align=\u00bbleft\u00bb css_animation=\u00bb\u00bb el_class=\u00bbavoid-padding\u00bb][vc_column_inner width=\u00bb1\/3&#8243;][vc_column_text]CENTRE DEL CARME<\/p>\n<p>&nbsp;<\/p>\n<p class=\"p1\">Seu del Consorci de Museus de la Comunitat Valenciana ubicada en l\u2019antic convent que li dona nom al barri que l\u2019envolta. Els seus usos han variat des de la seua construcci\u00f3 al segle XIII. Avui acollix noves pr\u00e0ctiques art\u00edstiques i llenguatges representatius de la cultura actual i es compromet amb el seu p\u00fablic a trav\u00e9s d&#8217; accions com una sala per a la primera infantesa, convocat\u00f2ries per a projectes transversals interinstitucionals, associatius i comunitaris.<\/p>\n<p><a href=\"http:\/\/www.consorcimuseus.gva.es\/ centro-del-carmen\/?lang=es\">\u2192\u00a0www.consorcimuseus.gva.es\/ centro-del-carmen\/?lang=es<\/a>[\/vc_column_text][\/vc_column_inner][vc_column_inner width=\u00bb1\/3&#8243;][vc_column_text]AGRA\u00cfMENTS<\/p>\n<p>&nbsp;<\/p>\n<p><span style=\"font-weight: 400;\">A les fam\u00edlies del barri, Ana Guerola, Virginia Zan\u00f3n, Pilar Montesinos, Juanli Carrion, Jose Lu\u00eds Perez-Pont, Virginia D\u00edez, Carles Civera, Merc\u00e9 Gonzalez, Josefa Felipe Cuevas, Raquel Valero, Esther Garc\u00eda Molina, Lola Garc\u00eda, Martina Ortega, Isabel Tom\u00e0s, Pepe Campos, Clara Boj, Victoria Cano, Monique Bastiaans, Coloma Mestre, Rosana Soler, Mar Monsonis, Teresa Mata, les educadores al Centre del Carme i als nostres estimats ve\u00efns i ve\u00efnes del barri .<\/span>[\/vc_column_text][\/vc_column_inner][vc_column_inner width=\u00bb1\/3&#8243;][vc_column_text][\/vc_column_text][\/vc_column_inner][\/vc_row_inner][\/vc_column][\/vc_row]<\/p>\n","protected":false},"excerpt":{"rendered":"<p>[vc_row css_animation=\u00bb\u00bb row_type=\u00bbrow\u00bb use_row_as_full_screen_section=\u00bbno\u00bb type=\u00bbgrid\u00bb angled_section=\u00bbno\u00bb text_align=\u00bbleft\u00bb background_image_as_pattern=\u00bbwithout_pattern\u00bb el_id=\u00bbaccions\u00bb z_index=\u00bb\u00bb][vc_column][vc_row_inner row_type=\u00bbrow\u00bb type=\u00bbfull_width\u00bb text_align=\u00bbleft\u00bb css_animation=\u00bb\u00bb el_id=\u00bbaccions_main\u00bb][vc_column_inner][vc_column_text] PROJECTES DESTACATS [\/vc_column_text][vc_empty_space height=\u00bb20px\u00bb][portfolio_list type=\u00bbstandard\u00bb hover_type_standard=\u00bbthin_plus_only\u00bb columns=\u00bb2&#8243; portfolio_loading_type=\u00bbportfolio_one_by_one\u00bb image_size=\u00bblandscape\u00bb filter=\u00bbno\u00bb selected_projects=\u00bb87,316&#8243; show_categories=\u00bbno\u00bb][vc_single_image image=\u00bb306&#8243; img_size=\u00bblarge\u00bb alignment=\u00bbcenter\u00bb onclick=\u00bbcustom_link\u00bb img_link_target=\u00bb_blank\u00bb qode_css_animation=\u00bb\u00bb el_class=\u00bbmain-action\u00bb link=\u00bbhttps:\/\/www.facebook.com\/Creixem-al-Carme-279635862764877\/\u00bb][vc_empty_space height=\u00bb20px\u00bb][\/vc_column_inner][\/vc_row_inner][vc_raw_html]JTNDZGl2JTIwaWQlM0QlMjJidG5fYXJjaGl1X2NvbnRhaW5lciUyMiUyMHN0eWxlJTNEJTIydGV4dC1hbGlnbiUzQSUyMGNlbnRlciUyMiUzRSUzQ2ElMjBpZCUzRCUyMmJ0bl9hcmNoaXUlMjIlMjBocmVmJTNEJTIyJTIzYXJjaGl1X2NvbnRhaW5lciUyMiUzRSVFMiU4NiU5MyUyMEFSWElVJTNDJTJGYSUzRSUzQyUyRmRpdiUzRQ==[\/vc_raw_html][vc_row_inner row_type=\u00bbrow\u00bb type=\u00bbfull_width\u00bb text_align=\u00bbleft\u00bb css_animation=\u00bb\u00bb el_id=\u00bbarchiu_container\u00bb][vc_column_inner][vc_column_text] ARXIU [\/vc_column_text][vc_empty_space height=\u00bb60px\u00bb][portfolio_list type=\u00bbstandard\u00bb hover_type_standard=\u00bbthin_plus_only\u00bb columns=\u00bb3&#8243; portfolio_loading_type=\u00bbportfolio_one_by_one\u00bb image_size=\u00bblandscape\u00bb filter=\u00bbyes\u00bb show_categories=\u00bbno\u00bb][\/vc_column_inner][\/vc_row_inner][\/vc_column][\/vc_row][vc_row css_animation=\u00bb\u00bb row_type=\u00bbrow\u00bb use_row_as_full_screen_section=\u00bbno\u00bb type=\u00bbfull_width\u00bb [&hellip;]<\/p>\n","protected":false},"author":1,"featured_media":0,"parent":0,"menu_order":0,"comment_status":"closed","ping_status":"open","template":"","meta":{"footnotes":""},"class_list":["post-2","page","type-page","status-publish","hentry"],"_links":{"self":[{"href":"https:\/\/creixemalcarme.eu\/index.php?rest_route=\/wp\/v2\/pages\/2","targetHints":{"allow":["GET"]}}],"collection":[{"href":"https:\/\/creixemalcarme.eu\/index.php?rest_route=\/wp\/v2\/pages"}],"about":[{"href":"https:\/\/creixemalcarme.eu\/index.php?rest_route=\/wp\/v2\/types\/page"}],"author":[{"embeddable":true,"href":"https:\/\/creixemalcarme.eu\/index.php?rest_route=\/wp\/v2\/users\/1"}],"replies":[{"embeddable":true,"href":"https:\/\/creixemalcarme.eu\/index.php?rest_route=%2Fwp%2Fv2%2Fcomments&post=2"}],"version-history":[{"count":215,"href":"https:\/\/creixemalcarme.eu\/index.php?rest_route=\/wp\/v2\/pages\/2\/revisions"}],"predecessor-version":[{"id":347,"href":"https:\/\/creixemalcarme.eu\/index.php?rest_route=\/wp\/v2\/pages\/2\/revisions\/347"}],"wp:attachment":[{"href":"https:\/\/creixemalcarme.eu\/index.php?rest_route=%2Fwp%2Fv2%2Fmedia&parent=2"}],"curies":[{"name":"wp","href":"https:\/\/api.w.org\/{rel}","templated":true}]}}